{"id":84,"date":"2017-10-30T08:21:24","date_gmt":"2017-10-30T07:21:24","guid":{"rendered":"http:\/\/doyennedeciney.be\/?page_id=84"},"modified":"2026-03-30T11:10:49","modified_gmt":"2026-03-30T09:10:49","slug":"sovet","status":"publish","type":"page","link":"https:\/\/doyennedeciney.be\/index.php\/sovet\/","title":{"rendered":"Sovet"},"content":{"rendered":"<p>[et_pb_section fb_built=\u00a0\u00bb1&Prime; admin_label=\u00a0\u00bbsection\u00a0\u00bb _builder_version=\u00a0\u00bb4.16&Prime; global_colors_info=\u00a0\u00bb{}\u00a0\u00bb][et_pb_row module_id=\u00a0\u00bbt\u00e9l\u00e9charger\u00a0\u00bb _builder_version=\u00a0\u00bb4.24.0&Prime; _module_preset=\u00a0\u00bbdefault\u00a0\u00bb border_radii=\u00a0\u00bbon|20px|20px|20px|20px\u00a0\u00bb border_width_all=\u00a0\u00bb5px\u00a0\u00bb border_color_all=\u00a0\u00bb#0C71C3&Prime; global_colors_info=\u00a0\u00bb{}\u00a0\u00bb][et_pb_column type=\u00a0\u00bb4_4&Prime; _builder_version=\u00a0\u00bb4.16&Prime; _module_preset=\u00a0\u00bbdefault\u00a0\u00bb global_colors_info=\u00a0\u00bb{}\u00a0\u00bb][et_pb_text module_id=\u00a0\u00bbannonces\u00a0\u00bb _builder_version=\u00a0\u00bb4.24.0&Prime; _module_preset=\u00a0\u00bbdefault\u00a0\u00bb header_font=\u00a0\u00bb|700|||||||\u00a0\u00bb header_text_align=\u00a0\u00bbcenter\u00a0\u00bb header_text_color=\u00a0\u00bb#0C71C3&Prime; global_colors_info=\u00a0\u00bb{}\u00a0\u00bb]<\/p>\n<h1>Annonces pour notre unit\u00e9 pastorale<\/h1>\n<p>[\/et_pb_text][et_pb_nextend_smart_slider_3 slider=\u00a0\u00bb9&Prime; _builder_version=\u00a0\u00bb4.24.2&Prime; _module_preset=\u00a0\u00bbdefault\u00a0\u00bb global_colors_info=\u00a0\u00bb{}\u00a0\u00bb][\/et_pb_nextend_smart_slider_3][\/et_pb_column][\/et_pb_row][et_pb_row _builder_version=\u00a0\u00bb4.24.0&Prime; _module_preset=\u00a0\u00bbdefault\u00a0\u00bb border_radii=\u00a0\u00bbon|20px|20px|20px|20px\u00a0\u00bb border_width_all=\u00a0\u00bb5px\u00a0\u00bb border_color_all=\u00a0\u00bb#0C71C3&Prime; global_colors_info=\u00a0\u00bb{}\u00a0\u00bb][et_pb_column type=\u00a0\u00bb4_4&Prime; _builder_version=\u00a0\u00bb4.16&Prime; _module_preset=\u00a0\u00bbdefault\u00a0\u00bb global_colors_info=\u00a0\u00bb{}\u00a0\u00bb][et_pb_text _builder_version=\u00a0\u00bb4.24.0&Prime; _module_preset=\u00a0\u00bbdefault\u00a0\u00bb header_font=\u00a0\u00bb|700|||||||\u00a0\u00bb header_text_align=\u00a0\u00bbcenter\u00a0\u00bb header_text_color=\u00a0\u00bb#0C71C3&Prime; global_colors_info=\u00a0\u00bb{}\u00a0\u00bb]<\/p>\n<h1>Intentions des messes c\u00e9l\u00e9br\u00e9es<\/h1>\n<p>[\/et_pb_text][et_pb_image src=\u00a0\u00bbhttps:\/\/doyennedeciney.be\/wp-content\/uploads\/2026\/03\/Svt-04.webp\u00a0\u00bb title_text=\u00a0\u00bbSvt 04&Prime; url=\u00a0\u00bbhttps:\/\/doyennedeciney.be\/wp-content\/uploads\/2026\/03\/Svt-04.webp\u00a0\u00bb _builder_version=\u00a0\u00bb4.27.6&Prime; _module_preset=\u00a0\u00bbdefault\u00a0\u00bb hover_enabled=\u00a0\u00bb0&Prime; global_colors_info=\u00a0\u00bb{}\u00a0\u00bb sticky_enabled=\u00a0\u00bb0&Prime;][\/et_pb_image][et_pb_button button_url=\u00a0\u00bb#haut\u00a0\u00bb button_text=\u00a0\u00bbRetour en haut de page \u00a0\u00bb button_alignment=\u00a0\u00bbcenter\u00a0\u00bb _builder_version=\u00a0\u00bb4.25.1&Prime; _module_preset=\u00a0\u00bbdefault\u00a0\u00bb global_colors_info=\u00a0\u00bb{}\u00a0\u00bb][\/et_pb_button][et_pb_image title_text=\u00a0\u00bbChv-Psx mars\u00a0\u00bb url=\u00a0\u00bbhttps:\/\/doyennedeciney.be\/wp-content\/uploads\/2024\/01\/Chevetogne-conjoux.jpg\u00a0\u00bb _builder_version=\u00a0\u00bb4.24.2&Prime; _module_preset=\u00a0\u00bbdefault\u00a0\u00bb global_colors_info=\u00a0\u00bb{}\u00a0\u00bb][\/et_pb_image][\/et_pb_column][\/et_pb_row][\/et_pb_section]<\/p>\n","protected":false},"excerpt":{"rendered":"<p>Annonces pour notre unit\u00e9 pastoraleIntentions des messes c\u00e9l\u00e9br\u00e9es<\/p>\n","protected":false},"author":2,"featured_media":0,"parent":0,"menu_order":5,"comment_status":"closed","ping_status":"closed","template":"","meta":{"_et_pb_use_builder":"on","_et_pb_old_content":"<h2>\u00a0<\/h2>\r\n<p>\u00a0<\/p>\r\n<!-- \/wp:paragraph -->","_et_gb_content_width":"","footnotes":""},"class_list":["post-84","page","type-page","status-publish","hentry"],"jetpack_shortlink":"https:\/\/wp.me\/P9rhK4-1m","jetpack-related-posts":[{"id":6143,"url":"https:\/\/doyennedeciney.be\/index.php\/leignon\/","url_meta":{"origin":84,"position":0},"title":"Leignon","author":"Pascal-Marie J\u00e9rumanis","date":"02\/10\/2025","format":false,"excerpt":"","rel":"","context":"Article similaire","block_context":{"text":"Article similaire","link":""},"img":{"alt_text":"","src":"","width":0,"height":0},"classes":[]},{"id":2,"url":"https:\/\/doyennedeciney.be\/index.php\/ciney-2\/","url_meta":{"origin":84,"position":1},"title":"Ciney","author":"Pascal-Marie J\u00e9rumanis","date":"27\/10\/2017","format":false,"excerpt":"","rel":"","context":"Article similaire","block_context":{"text":"Article similaire","link":""},"img":{"alt_text":"","src":"","width":0,"height":0},"classes":[]},{"id":4224,"url":"https:\/\/doyennedeciney.be\/index.php\/achene-3\/","url_meta":{"origin":84,"position":2},"title":"Ach\u00eane","author":"Pascal-Marie J\u00e9rumanis","date":"29\/12\/2021","format":false,"excerpt":"","rel":"","context":"Article similaire","block_context":{"text":"Article similaire","link":""},"img":{"alt_text":"","src":"","width":0,"height":0},"classes":[]},{"id":75,"url":"https:\/\/doyennedeciney.be\/index.php\/braibant-et-halloy\/","url_meta":{"origin":84,"position":3},"title":"Braibant et Halloy","author":"Pascal-Marie J\u00e9rumanis","date":"30\/10\/2017","format":false,"excerpt":"","rel":"","context":"Article similaire","block_context":{"text":"Article similaire","link":""},"img":{"alt_text":"","src":"","width":0,"height":0},"classes":[]},{"id":6164,"url":"https:\/\/doyennedeciney.be\/index.php\/chevetogne-2\/","url_meta":{"origin":84,"position":4},"title":"Chevetogne","author":"Pascal-Marie J\u00e9rumanis","date":"03\/10\/2025","format":false,"excerpt":"","rel":"","context":"Article similaire","block_context":{"text":"Article similaire","link":""},"img":{"alt_text":"","src":"","width":0,"height":0},"classes":[]}],"jetpack_sharing_enabled":true,"_links":{"self":[{"href":"https:\/\/doyennedeciney.be\/index.php\/wp-json\/wp\/v2\/pages\/84","targetHints":{"allow":["GET"]}}],"collection":[{"href":"https:\/\/doyennedeciney.be\/index.php\/wp-json\/wp\/v2\/pages"}],"about":[{"href":"https:\/\/doyennedeciney.be\/index.php\/wp-json\/wp\/v2\/types\/page"}],"author":[{"embeddable":true,"href":"https:\/\/doyennedeciney.be\/index.php\/wp-json\/wp\/v2\/users\/2"}],"replies":[{"embeddable":true,"href":"https:\/\/doyennedeciney.be\/index.php\/wp-json\/wp\/v2\/comments?post=84"}],"version-history":[{"count":88,"href":"https:\/\/doyennedeciney.be\/index.php\/wp-json\/wp\/v2\/pages\/84\/revisions"}],"predecessor-version":[{"id":6359,"href":"https:\/\/doyennedeciney.be\/index.php\/wp-json\/wp\/v2\/pages\/84\/revisions\/6359"}],"wp:attachment":[{"href":"https:\/\/doyennedeciney.be\/index.php\/wp-json\/wp\/v2\/media?parent=84"}],"curies":[{"name":"wp","href":"https:\/\/api.w.org\/{rel}","templated":true}]}}